{"id":7109,"date":"2020-08-21T09:57:25","date_gmt":"2020-08-21T13:57:25","guid":{"rendered":"https:\/\/larochelle.ca\/home\/"},"modified":"2023-03-23T13:23:56","modified_gmt":"2023-03-23T17:23:56","slug":"home","status":"publish","type":"page","link":"https:\/\/larochelle.ca\/en\/","title":{"rendered":"Home"},"content":{"rendered":"<section class=\"l-section wpb_row height_auto width_full\"><div class=\"l-section-h i-cf\"><div class=\"g-cols vc_row via_flex valign_top type_default stacking_default\"><div class=\"vc_col-sm-12 wpb_column vc_column_container stretched\"><div class=\"vc_column-inner\"><div class=\"wpb_wrapper\">\n\t\t\t<!-- START Home Slider 2 REVOLUTION SLIDER 6.7.41 --><p class=\"rs-p-wp-fix\"><\/p>\n\t\t\t<rs-module-wrap id=\"rev_slider_11_1_wrapper\" data-source=\"gallery\" style=\"visibility:hidden;background:#FFFFFF;padding:0;margin:0px auto;margin-top:0;margin-bottom:0;\">\n\t\t\t\t<rs-module id=\"rev_slider_11_1\" style=\"\" data-version=\"6.7.41\">\n\t\t\t\t\t<rs-slides style=\"overflow: hidden; position: absolute;\">\n\t\t\t\t\t\t<rs-slide style=\"position: absolute;\" data-key=\"rs-58\" data-title=\"Slide\" data-thumb=\"\/\/larochelle.ca\/wp-content\/uploads\/2022\/12\/Camion-deneigement-2022-scaled-100x50.jpg\" data-anim=\"adpr:false;\" data-in=\"o:0;\" data-out=\"a:false;\">\n\t\t\t\t\t\t\t<img decoding=\"async\" src=\"\/\/larochelle.ca\/wp-content\/plugins\/revslider\/sr6\/assets\/assets\/dummy.png\" alt=\"Camion-deneigement-2022-scaled\" title=\"Camion-deneigement-2022-scaled\" width=\"2560\" height=\"1533\" class=\"rev-slidebg tp-rs-img rs-lazyload\" data-lazyload=\"\/\/larochelle.ca\/wp-content\/uploads\/2022\/12\/Camion-deneigement-2022-scaled.jpg\" data-bg=\"p:0% 70%;\" data-no-retina>\n<!---->\t\t\t\t\t<\/rs-slide>\n\t\t\t\t\t\t<rs-slide style=\"position: absolute;\" data-key=\"rs-47\" data-title=\"Slide\" data-thumb=\"\/\/larochelle.ca\/wp-content\/uploads\/2020\/11\/Volvo-LAROCHELLE-3-100x50.jpg\" data-anim=\"adpr:false;\" data-in=\"o:0;\" data-out=\"a:false;\">\n\t\t\t\t\t\t\t<img decoding=\"async\" src=\"\/\/larochelle.ca\/wp-content\/plugins\/revslider\/sr6\/assets\/assets\/dummy.png\" alt=\"\" title=\"Volvo-LAROCHELLE-3\" width=\"2048\" height=\"1442\" class=\"rev-slidebg tp-rs-img rs-lazyload\" data-lazyload=\"\/\/larochelle.ca\/wp-content\/uploads\/2020\/11\/Volvo-LAROCHELLE-3.jpg\" data-no-retina>\n<!---->\t\t\t\t\t<\/rs-slide>\n\t\t\t\t\t\t<rs-slide style=\"position: absolute;\" data-key=\"rs-52\" data-title=\"Slide\" data-thumb=\"\/\/larochelle.ca\/wp-content\/uploads\/2022\/02\/IMG_5647-scaled-100x50.jpg\" data-anim=\"adpr:false;\" data-in=\"o:0;\" data-out=\"a:false;\">\n\t\t\t\t\t\t\t<img decoding=\"async\" src=\"\/\/larochelle.ca\/wp-content\/plugins\/revslider\/sr6\/assets\/assets\/dummy.png\" alt=\"\" title=\"Camion PAX EXCAVATION\" width=\"2560\" height=\"1920\" class=\"rev-slidebg tp-rs-img rs-lazyload\" data-lazyload=\"\/\/larochelle.ca\/wp-content\/uploads\/2022\/02\/IMG_5647-scaled.jpg\" data-bg=\"p:6% 70%;\" data-no-retina>\n<!---->\t\t\t\t\t<\/rs-slide>\n\t\t\t\t\t\t<rs-slide style=\"position: absolute;\" data-key=\"rs-57\" data-title=\"Slide\" data-thumb=\"\/\/larochelle.ca\/wp-content\/uploads\/2022\/12\/2-IMG_E1639-scaled-100x50.jpg\" data-anim=\"adpr:false;\" data-in=\"o:0;\" data-out=\"a:false;\">\n\t\t\t\t\t\t\t<img decoding=\"async\" src=\"\/\/larochelle.ca\/wp-content\/plugins\/revslider\/sr6\/assets\/assets\/dummy.png\" alt=\"\" title=\"IMG_E1639\" width=\"2560\" height=\"1440\" class=\"rev-slidebg tp-rs-img rs-lazyload\" data-lazyload=\"\/\/larochelle.ca\/wp-content\/uploads\/2022\/12\/2-IMG_E1639-scaled.jpg\" data-no-retina>\n<!---->\t\t\t\t\t<\/rs-slide>\n\t\t\t\t\t\t<rs-slide style=\"position: absolute;\" data-key=\"rs-46\" data-title=\"Slide\" data-thumb=\"\/\/larochelle.ca\/wp-content\/uploads\/2016\/11\/slide-1-100x50.jpg\" data-anim=\"adpr:false;\" data-in=\"o:0;\" data-out=\"a:false;\">\n\t\t\t\t\t\t\t<img decoding=\"async\" src=\"\/\/larochelle.ca\/wp-content\/plugins\/revslider\/sr6\/assets\/assets\/dummy.png\" alt=\"\" title=\"Home\" class=\"rev-slidebg tp-rs-img rs-lazyload\" data-lazyload=\"\/\/larochelle.ca\/wp-content\/uploads\/2016\/11\/slide-1.jpg\" data-no-retina>\n<!--\n\t\t\t\t\t\t\t--><p\n\t\t\t\t\t\t\t\tid=\"slider-11-slide-46-layer-1\" \n\t\t\t\t\t\t\t\tclass=\"rs-layer\"\n\t\t\t\t\t\t\t\tdata-type=\"text\"\n\t\t\t\t\t\t\t\tdata-color=\"rgba(255, 255, 255, 1)\"\n\t\t\t\t\t\t\t\tdata-rsp_ch=\"on\"\n\t\t\t\t\t\t\t\tdata-xy=\"x:c;xo:226px,226px,0,0;y:b;yo:57px,57px,67px,67px;\"\n\t\t\t\t\t\t\t\tdata-text=\"s:48,48,42,42;l:48;fw:300;\"\n\t\t\t\t\t\t\t\tdata-frame_0=\"y:-50px;\"\n\t\t\t\t\t\t\t\tdata-frame_1=\"st:1000;sp:600;sR:1000;\"\n\t\t\t\t\t\t\t\tdata-frame_999=\"st:w;sR:3400;auto:true;\"\n\t\t\t\t\t\t\t\tstyle=\"z-index:8;font-family:'Roboto';\"\n\t\t\t\t\t\t\t>build to work hard like you. \n\t\t\t\t\t\t\t<\/p><!--\n\n\t\t\t\t\t\t\t--><rs-layer\n\t\t\t\t\t\t\t\tid=\"slider-11-slide-46-layer-3\" \n\t\t\t\t\t\t\t\tdata-type=\"text\"\n\t\t\t\t\t\t\t\tdata-color=\"rgba(255, 255, 255, 1)\"\n\t\t\t\t\t\t\t\tdata-rsp_ch=\"on\"\n\t\t\t\t\t\t\t\tdata-xy=\"x:c;xo:233px,233px,0,0;y:b;yo:104px,104px,124px,124px;\"\n\t\t\t\t\t\t\t\tdata-text=\"s:48,48,42,42;l:48;fw:300;a:inherit;\"\n\t\t\t\t\t\t\t\tdata-frame_0=\"y:-50px;\"\n\t\t\t\t\t\t\t\tdata-frame_1=\"st:800;sp:600;sR:800;\"\n\t\t\t\t\t\t\t\tdata-frame_999=\"st:w;sR:3600;auto:true;\"\n\t\t\t\t\t\t\t\tstyle=\"z-index:9;font-family:'Roboto';\"\n\t\t\t\t\t\t\t>ULTRA-STABLE semi-trailer, \n\t\t\t\t\t\t\t<\/rs-layer><!--\n\n\t\t\t\t\t\t\t--><rs-layer\n\t\t\t\t\t\t\t\tid=\"slider-11-slide-46-layer-4\" \n\t\t\t\t\t\t\t\tdata-type=\"image\"\n\t\t\t\t\t\t\t\tdata-rsp_ch=\"on\"\n\t\t\t\t\t\t\t\tdata-xy=\"x:c;yo:63px,38px,90px,55px;\"\n\t\t\t\t\t\t\t\tdata-text=\"w:normal;s:20,12,9,5;l:0,15,11,6;\"\n\t\t\t\t\t\t\t\tdata-dim=\"w:600px,365px,500px,308px;h:84px,51px,70px,43px;\"\n\t\t\t\t\t\t\t\tdata-btrans=\"o:0.8;\"\n\t\t\t\t\t\t\t\tdata-frame_0=\"sX:0.9;sY:0.9;\"\n\t\t\t\t\t\t\t\tdata-frame_1=\"st:200;sp:1000;sR:200;\"\n\t\t\t\t\t\t\t\tdata-frame_999=\"sX:0.8;sY:0.8;o:0;e:power4.out;st:w;sp:1000;\"\n\t\t\t\t\t\t\t\tstyle=\"z-index:10;\"\n\t\t\t\t\t\t\t><img decoding=\"async\" src=\"\/\/larochelle.ca\/wp-content\/plugins\/revslider\/sr6\/assets\/assets\/dummy.png\" alt=\"\" class=\"tp-rs-img rs-lazyload\" width=\"407\" height=\"57\" data-lazyload=\"\/\/larochelle.ca\/wp-content\/uploads\/2016\/11\/logoFooter.png\" data-no-retina> \n\t\t\t\t\t\t\t<\/rs-layer><!--\n-->\t\t\t\t\t<\/rs-slide>\n\t\t\t\t\t<\/rs-slides>\n\t\t\t\t<\/rs-module>\n\t\t\t\t<script>\n\t\t\t\t\tsetREVStartSize({c: 'rev_slider_11_1',rl:[1240,1024,778,480],el:[750,768,960,720],gw:[1680,1024,778,480],gh:[750,768,960,720],type:'standard',justify:'',layout:'fullwidth',mh:\"731\"});if (window.RS_MODULES!==undefined && window.RS_MODULES.modules!==undefined && window.RS_MODULES.modules[\"revslider111\"]!==undefined) {window.RS_MODULES.modules[\"revslider111\"].once = false;window.revapi11 = undefined;if (window.RS_MODULES.checkMinimal!==undefined) window.RS_MODULES.checkMinimal()}\n\t\t\t\t<\/script>\n\t\t\t<\/rs-module-wrap>\n\t\t\t<!-- END REVOLUTION SLIDER -->\n<\/div><\/div><\/div><\/div><\/div><\/section><section class=\"l-section wpb_row imgColorBlockContainer height_auto width_full\"><div class=\"l-section-h i-cf\"><div class=\"g-cols vc_row via_flex valign_top type_default stacking_default\"><div class=\"vc_col-sm-4 wpb_column vc_column_container imgColorBlock yellowBlock has_bg_color\"><div class=\"vc_column-inner us_custom_14fc4e77\"><div class=\"wpb_wrapper\"><div class=\"wpb_text_column\"><div class=\"wpb_wrapper\"><h1><strong>CORPORATE FLEETS<\/strong><\/h1>\n<ul>\n<li>The most robust and reliable equipment for your needs<\/li>\n<li>Lowest total cost of ownership over the lifespan of the product<\/li>\n<li>Vast network of service centers to support your business<\/li>\n<li>Next business day parts delivery<\/li>\n<\/ul>\n<\/div><\/div><div class=\"w-btn-wrapper align_none\"><a class=\"w-btn us-btn-style_5 icon_atright\" title=\"Flottes Corporatives\" href=\"https:\/\/larochelle.ca\/en\/flottes-corporatives\/\"><span class=\"w-btn-label\">Find Out More<\/span><i class=\"fas fa-angle-double-right\"><\/i><\/a><\/div><\/div><\/div><\/div><div class=\"vc_col-sm-4 wpb_column vc_column_container imgColorBlock darkGrayBlock has_bg_color\"><div class=\"vc_column-inner us_custom_1e4fc488\"><div class=\"wpb_wrapper\"><div class=\"wpb_text_column us_custom_6df4bc3a h1BarWhite has_text_color\"><div class=\"wpb_wrapper\"><h1><strong>OWNER OPERATORS<\/strong><\/h1>\n<ul>\n<li>Superior fit and finish you can be proud to own<\/li>\n<li>Long lasting durability and ease of maintenance<\/li>\n<li>Personalized Service<\/li>\n<li>Best resale value in the industry<\/li>\n<\/ul>\n<\/div><\/div><div class=\"w-btn-wrapper align_none\"><a class=\"w-btn us-btn-style_6 icon_atright\" title=\"Propri\u00e9taire Op\u00e9rateur\" href=\"https:\/\/larochelle.ca\/en\/proprietaire-operateur\/\"><span class=\"w-btn-label\">Find Out More<\/span><i class=\"fas fa-angle-double-right\"><\/i><\/a><\/div><\/div><\/div><\/div><div class=\"vc_col-sm-4 wpb_column vc_column_container imgColorBlock lightGrayBlock has_bg_color\"><div class=\"vc_column-inner us_custom_efc0e354\"><div class=\"wpb_wrapper\"><div class=\"wpb_text_column\"><div class=\"wpb_wrapper\"><h1><strong>MUNICIPAL \/ PUBLIC WORKS<\/strong><\/h1>\n<ul>\n<li>Unequaled technical expertise surrounding road and infrastructure maintenance<\/li>\n<li>Industry leading training, customer service and warranty<\/li>\n<li>Custom gear built for your municipality\u2019s needs.<\/li>\n<\/ul>\n<\/div><\/div><div class=\"w-btn-wrapper align_none\"><a class=\"w-btn us-btn-style_5 icon_atright\" href=\"https:\/\/larochelle.ca\/en\/travaux-publics\/\"><span class=\"w-btn-label\">Find Out More<\/span><i class=\"fas fa-angle-double-right\"><\/i><\/a><\/div><\/div><\/div><\/div><\/div><\/div><\/section><!-- Row Backgrounds --><div class=\"upb_color\" data-bg-override=\"0\" data-bg-color=\"\" data-fadeout=\"\" data-fadeout-percentage=\"30\" data-parallax-content=\"\" data-parallax-content-sense=\"30\" data-row-effect-mobile-disable=\"true\" data-img-parallax-mobile-disable=\"true\" data-rtl=\"false\"  data-custom-vc-row=\"\"  data-vc=\"8.7.2\"  data-is_old_vc=\"\"  data-theme-support=\"\"   data-overlay=\"false\" data-overlay-color=\"\" data-overlay-pattern=\"\" data-overlay-pattern-opacity=\"\" data-overlay-pattern-size=\"\"    ><\/div><section class=\"l-section wpb_row homeBottomRow imgColorFullBlockContainer darkGrayBlock height_medium with_img\"><div class=\"l-section-img\" role=\"img\" aria-label=\"Pi\u00e8ces disponible rapidement \u00e0 notre entrep\u00f4t et nos centres de services\" data-img-width=\"1902\" data-img-height=\"1200\" style=\"background-image: url(https:\/\/larochelle.ca\/wp-content\/uploads\/2020\/07\/PieceService.jpg);background-repeat: no-repeat;\"><\/div><div class=\"l-section-h i-cf\"><div class=\"g-cols vc_row via_flex valign_top type_default stacking_default\"><div class=\"vc_col-sm-12 wpb_column vc_column_container\"><div class=\"vc_column-inner\"><div class=\"wpb_wrapper\"><div class=\"wpb_text_column us_custom_6df4bc3a h1BarWhite H1BarCenter has_text_color\"><div class=\"wpb_wrapper\"><div class=\"wpb_text_column us_custom_6df4bc3a h1BarWhite H1BarCenter has_text_color\">\n<div class=\"wpb_wrapper\">\n<h1 style=\"text-align: center;\"><strong>PARTS AND SERVICE<\/strong><\/h1>\n<h1 style=\"text-align: center;\"><span style=\"font-size: 14pt;\">A complete solution for your needs<\/span><\/h1>\n<p>At LAROCHELLE we understand that it is not enough to provide a high level of quality on your initial product purchase. In order to obtain the fastest payback on your investment, you can\u2019t afford unplanned downtime. That\u2019s why we offer a complete range of OEM replacements parts either directly to you the end user or through our vast network of authorized service centers.<\/p>\n<p>Most replacement parts can be shipped the same day if ordered before noon. Whether you need parts manufactured directly by LAROCHELLE or components sourced from industry leading brands, we have the solution to keep your gear up and running.<\/p>\n<ul>\n<li>Hydraulic Components (pumps, valves, motors, cylinders, etc.)<\/li>\n<li>Power Take Off (PTOs) and Wet-line kits<\/li>\n<li>Electronic Spreader Controls<\/li>\n<li>Replacement parts and wear parts for Snow and Ice Equipment<\/li>\n<li>Replacement parts for semi-dump trailers of all brands<\/li>\n<li>Tarp systems for dump bodies and trailers<\/li>\n<li>Lighting systems and other electrical components<\/li>\n<li>Raised dump body indicator\/warning systems.<\/li>\n<li>Installation, repair and refurbishing of equipment.<\/li>\n<li>Etc.<\/li>\n<\/ul>\n<\/div>\n<\/div>\n<\/div><\/div><div class=\"w-btn-wrapper align_center\"><a class=\"w-btn us-btn-style_6 us_custom_0f8f44b7\" title=\"Demande de pi\u00e8ces\" href=\"https:\/\/larochelle.ca\/en\/demand-for-parts\/\"><span class=\"w-btn-label\">Contact a Parts Representative<\/span><\/a><\/div><\/div><\/div><\/div><\/div><\/div><\/section>\n","protected":false},"excerpt":{"rendered":"build to work hard like you. ULTRA-STABLE semi-trailer, CORPORATE FLEETS The most robust and reliable equipment for your needs Lowest total cost of ownership over the lifespan of the product Vast network of service centers to support your business Next business day parts delivery Find Out MoreOWNER OPERATORS Superior fit and finish you can be...","protected":false},"author":1,"featured_media":0,"parent":0,"menu_order":1,"comment_status":"closed","ping_status":"closed","template":"","meta":{"footnotes":""},"class_list":["post-7109","page","type-page","status-publish","hentry"],"yoast_head":"<!-- This site is optimized with the Yoast SEO plugin v27.4 - https:\/\/yoast.com\/product\/yoast-seo-wordpress\/ -->\n<title>Home - LAROCHELLE<\/title>\n<meta name=\"description\" content=\"Founded in 1956, Phil LAROCHELLE Equipement Inc. specializes in the manufacturing of snow and Ice control equipment for heavy trucks as well as quarterframe end dump excavation trailers. Our mission is to develop, manufacture, and distribute specialized truck equipment that excels in performance and reliability allowing our customers to build, maintain and ensure efficient snow and ice removal on the roads of their communities.\" \/>\n<meta name=\"robots\" content=\"index, follow, max-snippet:-1, max-image-preview:large, max-video-preview:-1\" \/>\n<link rel=\"canonical\" href=\"https:\/\/larochelle.ca\/en\/\" \/>\n<meta property=\"og:locale\" content=\"en_US\" \/>\n<meta property=\"og:type\" content=\"article\" \/>\n<meta property=\"og:title\" content=\"Home - LAROCHELLE\" \/>\n<meta property=\"og:description\" content=\"Founded in 1956, Phil LAROCHELLE Equipement Inc. specializes in the manufacturing of snow and Ice control equipment for heavy trucks as well as quarterframe end dump excavation trailers. Our mission is to develop, manufacture, and distribute specialized truck equipment that excels in performance and reliability allowing our customers to build, maintain and ensure efficient snow and ice removal on the roads of their communities.\" \/>\n<meta property=\"og:url\" content=\"https:\/\/larochelle.ca\/en\/\" \/>\n<meta property=\"og:site_name\" content=\"LAROCHELLE\" \/>\n<meta property=\"article:publisher\" content=\"https:\/\/www.facebook.com\/Larochelleinc\/\" \/>\n<meta property=\"article:modified_time\" content=\"2023-03-23T17:23:56+00:00\" \/>\n<meta name=\"twitter:card\" content=\"summary_large_image\" \/>\n<meta name=\"twitter:label1\" content=\"Est. reading time\" \/>\n\t<meta name=\"twitter:data1\" content=\"2 minutes\" \/>\n<script type=\"application\/ld+json\" class=\"yoast-schema-graph\">{\"@context\":\"https:\\\/\\\/schema.org\",\"@graph\":[{\"@type\":\"WebPage\",\"@id\":\"https:\\\/\\\/larochelle.ca\\\/en\\\/\",\"url\":\"https:\\\/\\\/larochelle.ca\\\/en\\\/\",\"name\":\"Home - LAROCHELLE\",\"isPartOf\":{\"@id\":\"https:\\\/\\\/larochelle.ca\\\/#website\"},\"datePublished\":\"2020-08-21T13:57:25+00:00\",\"dateModified\":\"2023-03-23T17:23:56+00:00\",\"description\":\"Founded in 1956, Phil LAROCHELLE Equipement Inc. specializes in the manufacturing of snow and Ice control equipment for heavy trucks as well as quarterframe end dump excavation trailers. Our mission is to develop, manufacture, and distribute specialized truck equipment that excels in performance and reliability allowing our customers to build, maintain and ensure efficient snow and ice removal on the roads of their communities.\",\"breadcrumb\":{\"@id\":\"https:\\\/\\\/larochelle.ca\\\/en\\\/#breadcrumb\"},\"inLanguage\":\"en-US\",\"potentialAction\":[{\"@type\":\"ReadAction\",\"target\":[\"https:\\\/\\\/larochelle.ca\\\/en\\\/\"]}]},{\"@type\":\"BreadcrumbList\",\"@id\":\"https:\\\/\\\/larochelle.ca\\\/en\\\/#breadcrumb\",\"itemListElement\":[{\"@type\":\"ListItem\",\"position\":1,\"name\":\"Accueil\",\"item\":\"https:\\\/\\\/larochelle.ca\\\/en\\\/\"},{\"@type\":\"ListItem\",\"position\":2,\"name\":\"Home\"}]},{\"@type\":\"WebSite\",\"@id\":\"https:\\\/\\\/larochelle.ca\\\/#website\",\"url\":\"https:\\\/\\\/larochelle.ca\\\/\",\"name\":\"LAROCHELLE\",\"description\":\"\",\"publisher\":{\"@id\":\"https:\\\/\\\/larochelle.ca\\\/#organization\"},\"potentialAction\":[{\"@type\":\"SearchAction\",\"target\":{\"@type\":\"EntryPoint\",\"urlTemplate\":\"https:\\\/\\\/larochelle.ca\\\/?s={search_term_string}\"},\"query-input\":{\"@type\":\"PropertyValueSpecification\",\"valueRequired\":true,\"valueName\":\"search_term_string\"}}],\"inLanguage\":\"en-US\"},{\"@type\":\"Organization\",\"@id\":\"https:\\\/\\\/larochelle.ca\\\/#organization\",\"name\":\"Phil Larochelle \u00c9quipement Inc.\",\"url\":\"https:\\\/\\\/larochelle.ca\\\/\",\"logo\":{\"@type\":\"ImageObject\",\"inLanguage\":\"en-US\",\"@id\":\"https:\\\/\\\/larochelle.ca\\\/#\\\/schema\\\/logo\\\/image\\\/\",\"url\":\"https:\\\/\\\/larochelle.ca\\\/wp-content\\\/uploads\\\/2020\\\/08\\\/logo-clear.png\",\"contentUrl\":\"https:\\\/\\\/larochelle.ca\\\/wp-content\\\/uploads\\\/2020\\\/08\\\/logo-clear.png\",\"width\":379,\"height\":135,\"caption\":\"Phil Larochelle \u00c9quipement Inc.\"},\"image\":{\"@id\":\"https:\\\/\\\/larochelle.ca\\\/#\\\/schema\\\/logo\\\/image\\\/\"},\"sameAs\":[\"https:\\\/\\\/www.facebook.com\\\/Larochelleinc\\\/\",\"https:\\\/\\\/www.instagram.com\\\/larochelleinc\\\/\",\"https:\\\/\\\/ca.linkedin.com\\\/company\\\/phil-larochelle-equipement-inc\",\"https:\\\/\\\/www.youtube.com\\\/channel\\\/UCmxXa8kiXFjkLweTl2Q91bQ\"]}]}<\/script>\n<!-- \/ Yoast SEO plugin. -->","yoast_head_json":{"title":"Home - LAROCHELLE","description":"Founded in 1956, Phil LAROCHELLE Equipement Inc. specializes in the manufacturing of snow and Ice control equipment for heavy trucks as well as quarterframe end dump excavation trailers. Our mission is to develop, manufacture, and distribute specialized truck equipment that excels in performance and reliability allowing our customers to build, maintain and ensure efficient snow and ice removal on the roads of their communities.","robots":{"index":"index","follow":"follow","max-snippet":"max-snippet:-1","max-image-preview":"max-image-preview:large","max-video-preview":"max-video-preview:-1"},"canonical":"https:\/\/larochelle.ca\/en\/","og_locale":"en_US","og_type":"article","og_title":"Home - LAROCHELLE","og_description":"Founded in 1956, Phil LAROCHELLE Equipement Inc. specializes in the manufacturing of snow and Ice control equipment for heavy trucks as well as quarterframe end dump excavation trailers. Our mission is to develop, manufacture, and distribute specialized truck equipment that excels in performance and reliability allowing our customers to build, maintain and ensure efficient snow and ice removal on the roads of their communities.","og_url":"https:\/\/larochelle.ca\/en\/","og_site_name":"LAROCHELLE","article_publisher":"https:\/\/www.facebook.com\/Larochelleinc\/","article_modified_time":"2023-03-23T17:23:56+00:00","twitter_card":"summary_large_image","twitter_misc":{"Est. reading time":"2 minutes"},"schema":{"@context":"https:\/\/schema.org","@graph":[{"@type":"WebPage","@id":"https:\/\/larochelle.ca\/en\/","url":"https:\/\/larochelle.ca\/en\/","name":"Home - LAROCHELLE","isPartOf":{"@id":"https:\/\/larochelle.ca\/#website"},"datePublished":"2020-08-21T13:57:25+00:00","dateModified":"2023-03-23T17:23:56+00:00","description":"Founded in 1956, Phil LAROCHELLE Equipement Inc. specializes in the manufacturing of snow and Ice control equipment for heavy trucks as well as quarterframe end dump excavation trailers. Our mission is to develop, manufacture, and distribute specialized truck equipment that excels in performance and reliability allowing our customers to build, maintain and ensure efficient snow and ice removal on the roads of their communities.","breadcrumb":{"@id":"https:\/\/larochelle.ca\/en\/#breadcrumb"},"inLanguage":"en-US","potentialAction":[{"@type":"ReadAction","target":["https:\/\/larochelle.ca\/en\/"]}]},{"@type":"BreadcrumbList","@id":"https:\/\/larochelle.ca\/en\/#breadcrumb","itemListElement":[{"@type":"ListItem","position":1,"name":"Accueil","item":"https:\/\/larochelle.ca\/en\/"},{"@type":"ListItem","position":2,"name":"Home"}]},{"@type":"WebSite","@id":"https:\/\/larochelle.ca\/#website","url":"https:\/\/larochelle.ca\/","name":"LAROCHELLE","description":"","publisher":{"@id":"https:\/\/larochelle.ca\/#organization"},"potentialAction":[{"@type":"SearchAction","target":{"@type":"EntryPoint","urlTemplate":"https:\/\/larochelle.ca\/?s={search_term_string}"},"query-input":{"@type":"PropertyValueSpecification","valueRequired":true,"valueName":"search_term_string"}}],"inLanguage":"en-US"},{"@type":"Organization","@id":"https:\/\/larochelle.ca\/#organization","name":"Phil Larochelle \u00c9quipement Inc.","url":"https:\/\/larochelle.ca\/","logo":{"@type":"ImageObject","inLanguage":"en-US","@id":"https:\/\/larochelle.ca\/#\/schema\/logo\/image\/","url":"https:\/\/larochelle.ca\/wp-content\/uploads\/2020\/08\/logo-clear.png","contentUrl":"https:\/\/larochelle.ca\/wp-content\/uploads\/2020\/08\/logo-clear.png","width":379,"height":135,"caption":"Phil Larochelle \u00c9quipement Inc."},"image":{"@id":"https:\/\/larochelle.ca\/#\/schema\/logo\/image\/"},"sameAs":["https:\/\/www.facebook.com\/Larochelleinc\/","https:\/\/www.instagram.com\/larochelleinc\/","https:\/\/ca.linkedin.com\/company\/phil-larochelle-equipement-inc","https:\/\/www.youtube.com\/channel\/UCmxXa8kiXFjkLweTl2Q91bQ"]}]}},"_links":{"self":[{"href":"https:\/\/larochelle.ca\/en\/wp-json\/wp\/v2\/pages\/7109","targetHints":{"allow":["GET"]}}],"collection":[{"href":"https:\/\/larochelle.ca\/en\/wp-json\/wp\/v2\/pages"}],"about":[{"href":"https:\/\/larochelle.ca\/en\/wp-json\/wp\/v2\/types\/page"}],"author":[{"embeddable":true,"href":"https:\/\/larochelle.ca\/en\/wp-json\/wp\/v2\/users\/1"}],"replies":[{"embeddable":true,"href":"https:\/\/larochelle.ca\/en\/wp-json\/wp\/v2\/comments?post=7109"}],"version-history":[{"count":63,"href":"https:\/\/larochelle.ca\/en\/wp-json\/wp\/v2\/pages\/7109\/revisions"}],"predecessor-version":[{"id":9239,"href":"https:\/\/larochelle.ca\/en\/wp-json\/wp\/v2\/pages\/7109\/revisions\/9239"}],"wp:attachment":[{"href":"https:\/\/larochelle.ca\/en\/wp-json\/wp\/v2\/media?parent=7109"}],"curies":[{"name":"wp","href":"https:\/\/api.w.org\/{rel}","templated":true}]}}