{"id":9110,"date":"2022-12-13T15:47:47","date_gmt":"2022-12-13T20:47:47","guid":{"rendered":"https:\/\/larochelle.ca\/?page_id=9110"},"modified":"2022-12-13T16:45:18","modified_gmt":"2022-12-13T21:45:18","slug":"plow-gear","status":"publish","type":"page","link":"https:\/\/larochelle.ca\/en\/plow-gear\/","title":{"rendered":"Plow Gear"},"content":{"rendered":"<section class=\"l-section wpb_row height_small\"><div class=\"l-section-overlay\" style=\"background:#f5f5f5\"><\/div><div class=\"l-section-h i-cf\"><div class=\"g-cols vc_row via_flex valign_top type_default stacking_default\"><div class=\"vc_col-sm-6 wpb_column vc_column_container\"><div class=\"vc_column-inner\"><div class=\"wpb_wrapper\"><div class=\"w-image align_none\"><a title=\"Plow Hitches\" href=\"https:\/\/larochelle.ca\/en\/produits\/plow-gear\/plow-hitches\/\" aria-label=\"Hitch\" class=\"w-image-h\"><img decoding=\"async\" width=\"600\" height=\"600\" src=\"https:\/\/larochelle.ca\/wp-content\/uploads\/2022\/12\/Hitch.png\" class=\"attachment-large size-large\" alt=\"\" loading=\"lazy\" srcset=\"https:\/\/larochelle.ca\/wp-content\/uploads\/2022\/12\/Hitch.png 600w, https:\/\/larochelle.ca\/wp-content\/uploads\/2022\/12\/Hitch-300x300.png 300w, https:\/\/larochelle.ca\/wp-content\/uploads\/2022\/12\/Hitch-150x150.png 150w, https:\/\/larochelle.ca\/wp-content\/uploads\/2022\/12\/Hitch-350x350.png 350w\" sizes=\"auto, (max-width: 600px) 100vw, 600px\" \/><\/a><\/div><div class=\"w-text us_custom_3e4e063d has_text_color\"><a title=\"Plow Hitches\" href=\"https:\/\/larochelle.ca\/en\/produits\/plow-gear\/plow-hitches\/\" class=\"w-text-h\"><span class=\"w-text-value\">Plow Hitches<\/span><\/a><\/div><div class=\"w-image align_none\"><a title=\"Wing systems\" href=\"https:\/\/larochelle.ca\/en\/produits\/plow-gear\/wing-systems\/\" aria-label=\"AILE\" class=\"w-image-h\"><img decoding=\"async\" width=\"600\" height=\"600\" src=\"https:\/\/larochelle.ca\/wp-content\/uploads\/2022\/12\/AILE-2.png\" class=\"attachment-large size-large\" alt=\"\" loading=\"lazy\" srcset=\"https:\/\/larochelle.ca\/wp-content\/uploads\/2022\/12\/AILE-2.png 600w, https:\/\/larochelle.ca\/wp-content\/uploads\/2022\/12\/AILE-2-300x300.png 300w, https:\/\/larochelle.ca\/wp-content\/uploads\/2022\/12\/AILE-2-150x150.png 150w, https:\/\/larochelle.ca\/wp-content\/uploads\/2022\/12\/AILE-2-350x350.png 350w\" sizes=\"auto, (max-width: 600px) 100vw, 600px\" \/><\/a><\/div><div class=\"w-text us_custom_3e4e063d has_text_color\"><a title=\"Wing systems\" href=\"https:\/\/larochelle.ca\/en\/produits\/plow-gear\/wing-systems\/\" class=\"w-text-h\"><span class=\"w-text-value\">Wing systems<\/span><\/a><\/div><\/div><\/div><\/div><div class=\"vc_col-sm-6 wpb_column vc_column_container\"><div class=\"vc_column-inner\"><div class=\"wpb_wrapper\"><div class=\"w-image align_none\"><a title=\"Reversible plows\" href=\"https:\/\/larochelle.ca\/en\/produits\/plow-gear\/reversible-plows\/\" aria-label=\"LRC\" class=\"w-image-h\"><img decoding=\"async\" width=\"600\" height=\"600\" src=\"https:\/\/larochelle.ca\/wp-content\/uploads\/2022\/12\/LRC.png\" class=\"attachment-large size-large\" alt=\"\" loading=\"lazy\" srcset=\"https:\/\/larochelle.ca\/wp-content\/uploads\/2022\/12\/LRC.png 600w, https:\/\/larochelle.ca\/wp-content\/uploads\/2022\/12\/LRC-300x300.png 300w, https:\/\/larochelle.ca\/wp-content\/uploads\/2022\/12\/LRC-150x150.png 150w, https:\/\/larochelle.ca\/wp-content\/uploads\/2022\/12\/LRC-350x350.png 350w\" sizes=\"auto, (max-width: 600px) 100vw, 600px\" \/><\/a><\/div><div class=\"w-text us_custom_3e4e063d has_text_color\"><a title=\"Reversible plows\" href=\"https:\/\/larochelle.ca\/en\/produits\/plow-gear\/reversible-plows\/\" class=\"w-text-h\"><span class=\"w-text-value\">Reversible plows<\/span><\/a><\/div><div class=\"w-image align_none\"><a title=\"One-way plows\" href=\"https:\/\/larochelle.ca\/en\/produits\/plow-gear\/one-way-plows\/\" aria-label=\"SU\" class=\"w-image-h\"><img decoding=\"async\" width=\"600\" height=\"600\" src=\"https:\/\/larochelle.ca\/wp-content\/uploads\/2022\/12\/SU.png\" class=\"attachment-large size-large\" alt=\"\" loading=\"lazy\" srcset=\"https:\/\/larochelle.ca\/wp-content\/uploads\/2022\/12\/SU.png 600w, https:\/\/larochelle.ca\/wp-content\/uploads\/2022\/12\/SU-300x300.png 300w, https:\/\/larochelle.ca\/wp-content\/uploads\/2022\/12\/SU-150x150.png 150w, https:\/\/larochelle.ca\/wp-content\/uploads\/2022\/12\/SU-350x350.png 350w\" sizes=\"auto, (max-width: 600px) 100vw, 600px\" \/><\/a><\/div><div class=\"w-text us_custom_3e4e063d has_text_color\"><a title=\"One-way plows\" href=\"https:\/\/larochelle.ca\/en\/produits\/plow-gear\/one-way-plows\/\" class=\"w-text-h\"><span class=\"w-text-value\">One-way plows<\/span><\/a><\/div><\/div><\/div><\/div><\/div><\/div><\/section>\n","protected":false},"excerpt":{"rendered":"Plow HitchesWing systemsReversible plowsOne-way plows","protected":false},"author":3,"featured_media":7500,"parent":0,"menu_order":6,"comment_status":"closed","ping_status":"closed","template":"","meta":{"footnotes":""},"class_list":["post-9110","page","type-page","status-publish","has-post-thumbnail","hentry"],"yoast_head":"<!-- This site is optimized with the Yoast SEO plugin v27.2 - https:\/\/yoast.com\/product\/yoast-seo-wordpress\/ -->\n<title>Plow Gear - LAROCHELLE<\/title>\n<meta name=\"description\" content=\"Consultez nos produits et \u00e9quipements pour camion sur notre site internet pour avoir la meilleure fiabilit\u00e9 et durabilit\u00e9 de l&#039;industrie.\" \/>\n<meta name=\"robots\" content=\"index, follow, max-snippet:-1, max-image-preview:large, max-video-preview:-1\" \/>\n<link rel=\"canonical\" href=\"https:\/\/larochelle.ca\/en\/plow-gear\/\" \/>\n<meta property=\"og:locale\" content=\"en_US\" \/>\n<meta property=\"og:type\" content=\"article\" \/>\n<meta property=\"og:title\" content=\"Plow Gear - LAROCHELLE\" \/>\n<meta property=\"og:description\" content=\"Consultez nos produits et \u00e9quipements pour camion sur notre site internet pour avoir la meilleure fiabilit\u00e9 et durabilit\u00e9 de l&#039;industrie.\" \/>\n<meta property=\"og:url\" content=\"https:\/\/larochelle.ca\/en\/plow-gear\/\" \/>\n<meta property=\"og:site_name\" content=\"LAROCHELLE\" \/>\n<meta property=\"article:publisher\" content=\"https:\/\/www.facebook.com\/Larochelleinc\/\" \/>\n<meta property=\"article:modified_time\" content=\"2022-12-13T21:45:18+00:00\" \/>\n<meta property=\"og:image\" content=\"https:\/\/larochelle.ca\/wp-content\/uploads\/2020\/11\/SPOT3795-scaled-e1605103562888.jpg\" \/>\n\t<meta property=\"og:image:width\" content=\"2560\" \/>\n\t<meta property=\"og:image:height\" content=\"1515\" \/>\n\t<meta property=\"og:image:type\" content=\"image\/jpeg\" \/>\n<meta name=\"twitter:card\" content=\"summary_large_image\" \/>\n<meta name=\"twitter:label1\" content=\"Est. reading time\" \/>\n\t<meta name=\"twitter:data1\" content=\"2 minutes\" \/>\n<script type=\"application\/ld+json\" class=\"yoast-schema-graph\">{\"@context\":\"https:\/\/schema.org\",\"@graph\":[{\"@type\":\"WebPage\",\"@id\":\"https:\/\/larochelle.ca\/en\/plow-gear\/\",\"url\":\"https:\/\/larochelle.ca\/en\/plow-gear\/\",\"name\":\"Plow Gear - LAROCHELLE\",\"isPartOf\":{\"@id\":\"https:\/\/larochelle.ca\/#website\"},\"primaryImageOfPage\":{\"@id\":\"https:\/\/larochelle.ca\/en\/plow-gear\/#primaryimage\"},\"image\":{\"@id\":\"https:\/\/larochelle.ca\/en\/plow-gear\/#primaryimage\"},\"thumbnailUrl\":\"https:\/\/larochelle.ca\/wp-content\/uploads\/2020\/11\/SPOT3795-scaled-e1605103562888.jpg\",\"datePublished\":\"2022-12-13T20:47:47+00:00\",\"dateModified\":\"2022-12-13T21:45:18+00:00\",\"description\":\"Consultez nos produits et \u00e9quipements pour camion sur notre site internet pour avoir la meilleure fiabilit\u00e9 et durabilit\u00e9 de l'industrie.\",\"breadcrumb\":{\"@id\":\"https:\/\/larochelle.ca\/en\/plow-gear\/#breadcrumb\"},\"inLanguage\":\"en-US\",\"potentialAction\":[{\"@type\":\"ReadAction\",\"target\":[\"https:\/\/larochelle.ca\/en\/plow-gear\/\"]}]},{\"@type\":\"ImageObject\",\"inLanguage\":\"en-US\",\"@id\":\"https:\/\/larochelle.ca\/en\/plow-gear\/#primaryimage\",\"url\":\"https:\/\/larochelle.ca\/wp-content\/uploads\/2020\/11\/SPOT3795-scaled-e1605103562888.jpg\",\"contentUrl\":\"https:\/\/larochelle.ca\/wp-content\/uploads\/2020\/11\/SPOT3795-scaled-e1605103562888.jpg\",\"width\":2560,\"height\":1515,\"caption\":\"OLYMPUS DIGITAL CAMERA\"},{\"@type\":\"BreadcrumbList\",\"@id\":\"https:\/\/larochelle.ca\/en\/plow-gear\/#breadcrumb\",\"itemListElement\":[{\"@type\":\"ListItem\",\"position\":1,\"name\":\"Accueil\",\"item\":\"https:\/\/larochelle.ca\/en\/\"},{\"@type\":\"ListItem\",\"position\":2,\"name\":\"Plow Gear\"}]},{\"@type\":\"WebSite\",\"@id\":\"https:\/\/larochelle.ca\/#website\",\"url\":\"https:\/\/larochelle.ca\/\",\"name\":\"LAROCHELLE\",\"description\":\"\",\"publisher\":{\"@id\":\"https:\/\/larochelle.ca\/#organization\"},\"potentialAction\":[{\"@type\":\"SearchAction\",\"target\":{\"@type\":\"EntryPoint\",\"urlTemplate\":\"https:\/\/larochelle.ca\/?s={search_term_string}\"},\"query-input\":{\"@type\":\"PropertyValueSpecification\",\"valueRequired\":true,\"valueName\":\"search_term_string\"}}],\"inLanguage\":\"en-US\"},{\"@type\":\"Organization\",\"@id\":\"https:\/\/larochelle.ca\/#organization\",\"name\":\"Phil Larochelle \u00c9quipement Inc.\",\"url\":\"https:\/\/larochelle.ca\/\",\"logo\":{\"@type\":\"ImageObject\",\"inLanguage\":\"en-US\",\"@id\":\"https:\/\/larochelle.ca\/#\/schema\/logo\/image\/\",\"url\":\"https:\/\/larochelle.ca\/wp-content\/uploads\/2020\/08\/logo-clear.png\",\"contentUrl\":\"https:\/\/larochelle.ca\/wp-content\/uploads\/2020\/08\/logo-clear.png\",\"width\":379,\"height\":135,\"caption\":\"Phil Larochelle \u00c9quipement Inc.\"},\"image\":{\"@id\":\"https:\/\/larochelle.ca\/#\/schema\/logo\/image\/\"},\"sameAs\":[\"https:\/\/www.facebook.com\/Larochelleinc\/\",\"https:\/\/www.instagram.com\/larochelleinc\/\",\"https:\/\/ca.linkedin.com\/company\/phil-larochelle-equipement-inc\",\"https:\/\/www.youtube.com\/channel\/UCmxXa8kiXFjkLweTl2Q91bQ\"]}]}<\/script>\n<!-- \/ Yoast SEO plugin. -->","yoast_head_json":{"title":"Plow Gear - LAROCHELLE","description":"Consultez nos produits et \u00e9quipements pour camion sur notre site internet pour avoir la meilleure fiabilit\u00e9 et durabilit\u00e9 de l'industrie.","robots":{"index":"index","follow":"follow","max-snippet":"max-snippet:-1","max-image-preview":"max-image-preview:large","max-video-preview":"max-video-preview:-1"},"canonical":"https:\/\/larochelle.ca\/en\/plow-gear\/","og_locale":"en_US","og_type":"article","og_title":"Plow Gear - LAROCHELLE","og_description":"Consultez nos produits et \u00e9quipements pour camion sur notre site internet pour avoir la meilleure fiabilit\u00e9 et durabilit\u00e9 de l'industrie.","og_url":"https:\/\/larochelle.ca\/en\/plow-gear\/","og_site_name":"LAROCHELLE","article_publisher":"https:\/\/www.facebook.com\/Larochelleinc\/","article_modified_time":"2022-12-13T21:45:18+00:00","og_image":[{"width":2560,"height":1515,"url":"https:\/\/larochelle.ca\/wp-content\/uploads\/2020\/11\/SPOT3795-scaled-e1605103562888.jpg","type":"image\/jpeg"}],"twitter_card":"summary_large_image","twitter_misc":{"Est. reading time":"2 minutes"},"schema":{"@context":"https:\/\/schema.org","@graph":[{"@type":"WebPage","@id":"https:\/\/larochelle.ca\/en\/plow-gear\/","url":"https:\/\/larochelle.ca\/en\/plow-gear\/","name":"Plow Gear - LAROCHELLE","isPartOf":{"@id":"https:\/\/larochelle.ca\/#website"},"primaryImageOfPage":{"@id":"https:\/\/larochelle.ca\/en\/plow-gear\/#primaryimage"},"image":{"@id":"https:\/\/larochelle.ca\/en\/plow-gear\/#primaryimage"},"thumbnailUrl":"https:\/\/larochelle.ca\/wp-content\/uploads\/2020\/11\/SPOT3795-scaled-e1605103562888.jpg","datePublished":"2022-12-13T20:47:47+00:00","dateModified":"2022-12-13T21:45:18+00:00","description":"Consultez nos produits et \u00e9quipements pour camion sur notre site internet pour avoir la meilleure fiabilit\u00e9 et durabilit\u00e9 de l'industrie.","breadcrumb":{"@id":"https:\/\/larochelle.ca\/en\/plow-gear\/#breadcrumb"},"inLanguage":"en-US","potentialAction":[{"@type":"ReadAction","target":["https:\/\/larochelle.ca\/en\/plow-gear\/"]}]},{"@type":"ImageObject","inLanguage":"en-US","@id":"https:\/\/larochelle.ca\/en\/plow-gear\/#primaryimage","url":"https:\/\/larochelle.ca\/wp-content\/uploads\/2020\/11\/SPOT3795-scaled-e1605103562888.jpg","contentUrl":"https:\/\/larochelle.ca\/wp-content\/uploads\/2020\/11\/SPOT3795-scaled-e1605103562888.jpg","width":2560,"height":1515,"caption":"OLYMPUS DIGITAL CAMERA"},{"@type":"BreadcrumbList","@id":"https:\/\/larochelle.ca\/en\/plow-gear\/#breadcrumb","itemListElement":[{"@type":"ListItem","position":1,"name":"Accueil","item":"https:\/\/larochelle.ca\/en\/"},{"@type":"ListItem","position":2,"name":"Plow Gear"}]},{"@type":"WebSite","@id":"https:\/\/larochelle.ca\/#website","url":"https:\/\/larochelle.ca\/","name":"LAROCHELLE","description":"","publisher":{"@id":"https:\/\/larochelle.ca\/#organization"},"potentialAction":[{"@type":"SearchAction","target":{"@type":"EntryPoint","urlTemplate":"https:\/\/larochelle.ca\/?s={search_term_string}"},"query-input":{"@type":"PropertyValueSpecification","valueRequired":true,"valueName":"search_term_string"}}],"inLanguage":"en-US"},{"@type":"Organization","@id":"https:\/\/larochelle.ca\/#organization","name":"Phil Larochelle \u00c9quipement Inc.","url":"https:\/\/larochelle.ca\/","logo":{"@type":"ImageObject","inLanguage":"en-US","@id":"https:\/\/larochelle.ca\/#\/schema\/logo\/image\/","url":"https:\/\/larochelle.ca\/wp-content\/uploads\/2020\/08\/logo-clear.png","contentUrl":"https:\/\/larochelle.ca\/wp-content\/uploads\/2020\/08\/logo-clear.png","width":379,"height":135,"caption":"Phil Larochelle \u00c9quipement Inc."},"image":{"@id":"https:\/\/larochelle.ca\/#\/schema\/logo\/image\/"},"sameAs":["https:\/\/www.facebook.com\/Larochelleinc\/","https:\/\/www.instagram.com\/larochelleinc\/","https:\/\/ca.linkedin.com\/company\/phil-larochelle-equipement-inc","https:\/\/www.youtube.com\/channel\/UCmxXa8kiXFjkLweTl2Q91bQ"]}]}},"_links":{"self":[{"href":"https:\/\/larochelle.ca\/en\/wp-json\/wp\/v2\/pages\/9110","targetHints":{"allow":["GET"]}}],"collection":[{"href":"https:\/\/larochelle.ca\/en\/wp-json\/wp\/v2\/pages"}],"about":[{"href":"https:\/\/larochelle.ca\/en\/wp-json\/wp\/v2\/types\/page"}],"author":[{"embeddable":true,"href":"https:\/\/larochelle.ca\/en\/wp-json\/wp\/v2\/users\/3"}],"replies":[{"embeddable":true,"href":"https:\/\/larochelle.ca\/en\/wp-json\/wp\/v2\/comments?post=9110"}],"version-history":[{"count":4,"href":"https:\/\/larochelle.ca\/en\/wp-json\/wp\/v2\/pages\/9110\/revisions"}],"predecessor-version":[{"id":9119,"href":"https:\/\/larochelle.ca\/en\/wp-json\/wp\/v2\/pages\/9110\/revisions\/9119"}],"wp:featuredmedia":[{"embeddable":true,"href":"https:\/\/larochelle.ca\/en\/wp-json\/wp\/v2\/media\/7500"}],"wp:attachment":[{"href":"https:\/\/larochelle.ca\/en\/wp-json\/wp\/v2\/media?parent=9110"}],"curies":[{"name":"wp","href":"https:\/\/api.w.org\/{rel}","templated":true}]}}